{"id":2465,"date":"2024-11-05T23:00:45","date_gmt":"2024-11-05T22:00:45","guid":{"rendered":"https:\/\/simonyi.kre.hu\/?page_id=2465"},"modified":"2024-11-05T23:25:40","modified_gmt":"2024-11-05T22:25:40","slug":"versenyszabalyzat-2024-25","status":"publish","type":"page","link":"https:\/\/simonyi.kre.hu\/?page_id=2465","title":{"rendered":"Versenyszab\u00e1lyzat 2024\/25"},"content":{"rendered":"\n<p><strong>2024\/25-\u00f6s tan\u00e9v<\/strong><\/p>\n\n\n\n<p><a href=\"https:\/\/simonyi.kre.hu\/wp-content\/uploads\/2024\/11\/Simonyi_versenyszabalyzat_2024-2025.pdf\" target=\"_blank\" rel=\"noreferrer noopener\">PDF megnyit\u00e1sa<\/a><\/p>\n\n\n<a href=\"https:\/\/simonyi.kre.hu\/wp-content\/uploads\/2024\/11\/Simonyi_versenyszabalyzat_2024-2025.pdf\" class=\"pdfemb-viewer\" style=\"\" data-width=\"max\" data-height=\"max\" data-toolbar=\"bottom\" data-toolbar-fixed=\"off\">Simonyi_versenyszabalyzat_2024-2025<\/a>\n\n\n<p><\/p>\n","protected":false},"excerpt":{"rendered":"<p>2024\/25-\u00f6s tan\u00e9v PDF megnyit\u00e1sa<\/p>\n","protected":false},"author":2,"featured_media":0,"parent":0,"menu_order":0,"comment_status":"closed","ping_status":"closed","template":"","meta":{"footnotes":""},"class_list":["post-2465","page","type-page","status-publish","hentry"],"_links":{"self":[{"href":"https:\/\/simonyi.kre.hu\/index.php?rest_route=\/wp\/v2\/pages\/2465","targetHints":{"allow":["GET"]}}],"collection":[{"href":"https:\/\/simonyi.kre.hu\/index.php?rest_route=\/wp\/v2\/pages"}],"about":[{"href":"https:\/\/simonyi.kre.hu\/index.php?rest_route=\/wp\/v2\/types\/page"}],"author":[{"embeddable":true,"href":"https:\/\/simonyi.kre.hu\/index.php?rest_route=\/wp\/v2\/users\/2"}],"replies":[{"embeddable":true,"href":"https:\/\/simonyi.kre.hu\/index.php?rest_route=%2Fwp%2Fv2%2Fcomments&post=2465"}],"version-history":[{"count":3,"href":"https:\/\/simonyi.kre.hu\/index.php?rest_route=\/wp\/v2\/pages\/2465\/revisions"}],"predecessor-version":[{"id":2471,"href":"https:\/\/simonyi.kre.hu\/index.php?rest_route=\/wp\/v2\/pages\/2465\/revisions\/2471"}],"wp:attachment":[{"href":"https:\/\/simonyi.kre.hu\/index.php?rest_route=%2Fwp%2Fv2%2Fmedia&parent=2465"}],"curies":[{"name":"wp","href":"https:\/\/api.w.org\/{rel}","templated":true}]}}