{"id":2271,"date":"2024-03-01T13:14:40","date_gmt":"2024-03-01T12:14:40","guid":{"rendered":"https:\/\/simonyi.kre.hu\/?page_id=2271"},"modified":"2024-09-19T11:36:13","modified_gmt":"2024-09-19T09:36:13","slug":"tamogatoink-2023-24","status":"publish","type":"page","link":"https:\/\/simonyi.kre.hu\/?page_id=2271","title":{"rendered":"T\u00e1mogat\u00f3ink 2023\/24"},"content":{"rendered":"\n<p class=\"has-medium-font-size\"><strong>T\u00e1mogat\u00f3ink a 2023\/24. tan\u00e9vben<\/strong><\/p>\n\n\n\n<p class=\"has-medium-font-size\">A <strong>27. alkalommal megrendezett verseny<\/strong> megval\u00f3s\u00edt\u00e1s\u00e1t a k\u00f6vetkez\u0151 p\u00e1ly\u00e1zati forr\u00e1sok tett\u00e9k lehet\u0151v\u00e9 a <strong>Nemzeti Tehets\u00e9g Program<\/strong> p\u00e1ly\u00e1zati t\u00e1mogat\u00e1s\u00e1val (t\u00e1mogat\u00f3 szervezet: Kultur\u00e1lis \u00e9s Innov\u00e1ci\u00f3s Miniszt\u00e9rium, nev\u00e9ben \u00e9s k\u00e9pviselet\u00e9ben elj\u00e1r\u00f3 lebonyol\u00edt\u00f3: Nemzeti Kultur\u00e1lis T\u00e1mogat\u00e1skezel\u0151):<\/p>\n\n\n\n<ul class=\"wp-block-list\"><li>A Magyar Nyelvtudom\u00e1nyi T\u00e1rsas\u00e1g <strong><a rel=\"noreferrer noopener\" href=\"https:\/\/simonyi.kre.hu\/wp-content\/uploads\/2024\/03\/tabla01_2024.png\" target=\"_blank\">NTP-TMV-M-23-B-0031<\/a><\/strong> azonos\u00edt\u00f3sz\u00e1m\u00fa p\u00e1ly\u00e1zata a <em>XXVII. Simonyi Zsigmond K\u00e1rp\u00e1t-medencei helyes\u00edr\u00e1si verseny <\/em>lebonyol\u00edt\u00e1s\u00e1ra (vonatkoz\u00f3 t\u00e1mogat\u00e1si alprogram:<em> A hazai nagy hagyom\u00e1ny\u00fa, orsz\u00e1gos szervez\u00e9s\u0171 tanulm\u00e1nyi \u00e9s sportversenyek t\u00e1mogat\u00e1sa<\/em>, a p\u00e1ly\u00e1zati kateg\u00f3ria k\u00f3dja: NTP-TMV-M-23).<br>T\u00e1mogat\u00e1si \u00f6sszeg: 3 500 000 Ft.<br>T\u00e1mogat\u00e1si id\u0151szak: 2023. j\u00falius 1. \u2013 2024. augusztus 31.<\/li><\/ul>\n\n\n\n<ul class=\"wp-block-list\"><li>A K\u00e1roli G\u00e1sp\u00e1r Reform\u00e1tus Egyetem <strong><a rel=\"noreferrer noopener\" href=\"https:\/\/simonyi.kre.hu\/wp-content\/uploads\/2024\/03\/tabla02_2024.png\" target=\"_blank\">NTP-TMV-23-0042<\/a><\/strong> azonos\u00edt\u00f3sz\u00e1m\u00fa, <em>XXVII. Simonyi Zsigmond K\u00e1rp\u00e1t-medencei helyes\u00edr\u00e1si verseny <\/em>c\u00edm\u0171 p\u00e1ly\u00e1zata (vonatkoz\u00f3 t\u00e1mogat\u00e1si alprogram:<em> Tanulm\u00e1nyi \u00e9s m\u0171v\u00e9szeti versenyek megrendez\u00e9s\u00e9nek t\u00e1mogat\u00e1sa<\/em>, a p\u00e1ly\u00e1zati kateg\u00f3ria k\u00f3dja: NTP-TMV-23).<br>T\u00e1mogat\u00e1si \u00f6sszeg: 1 300 000 Ft.<br>T\u00e1mogat\u00e1si id\u0151szak: 2023. szeptember 1. \u2013 2024. augusztus 31.<\/li><\/ul>\n\n\n\n<p>Anyanyelv\u00e1pl\u00f3k Sz\u00f6vets\u00e9ge<br>K\u00e1roli G\u00e1sp\u00e1r Reform\u00e1tus Egyetem<br>Magyar Nyelv\u0151r Alap\u00edtv\u00e1ny<br>Magyar Olvas\u00e1st\u00e1rsas\u00e1g<\/p>\n\n\n\n<p>Akad\u00e9miai Kiad\u00f3<br>Anyanyelv-pedag\u00f3gia<br>Bethlen G\u00e1bor Alap<br>\u00c9des Anyanyelv\u00fcnk<br>Libri K\u00f6nyvkereskedelmi Kft.<br>M\u00f3ra K\u00f6nyvkiad\u00f3<br>Nagyi Konyh\u00e1ja<br>Papp Design Kft.<br>Tinta K\u00f6nyvkiad\u00f3<br>\u00dajpesti Bajza J\u00f3zsef \u00c1ltal\u00e1nos Iskola (\u00c9szak-budapesti Tanker\u00fcleti K\u00f6zpont)<\/p>\n\n\n\n<figure class=\"wp-block-image size-medium\"><img loading=\"lazy\" decoding=\"async\" width=\"300\" height=\"88\" src=\"https:\/\/simonyi.kre.hu\/wp-content\/uploads\/2022\/09\/KIM_logo_color-300x88.jpg\" alt=\"\" class=\"wp-image-1594\" srcset=\"https:\/\/simonyi.kre.hu\/wp-content\/uploads\/2022\/09\/KIM_logo_color-300x88.jpg 300w, https:\/\/simonyi.kre.hu\/wp-content\/uploads\/2022\/09\/KIM_logo_color.jpg 500w\" sizes=\"auto, (max-width: 300px) 100vw, 300px\" \/><\/figure>\n\n\n\n<figure class=\"wp-block-image size-medium\"><img loading=\"lazy\" decoding=\"async\" width=\"300\" height=\"73\" src=\"https:\/\/simonyi.kre.hu\/wp-content\/uploads\/2020\/10\/ntp-logo2-1-300x73.png\" alt=\"\" class=\"wp-image-568\" srcset=\"https:\/\/simonyi.kre.hu\/wp-content\/uploads\/2020\/10\/ntp-logo2-1-300x73.png 300w, https:\/\/simonyi.kre.hu\/wp-content\/uploads\/2020\/10\/ntp-logo2-1.png 326w\" sizes=\"auto, (max-width: 300px) 100vw, 300px\" \/><\/figure>\n\n\n\n<figure class=\"wp-block-image size-medium\"><img loading=\"lazy\" decoding=\"async\" width=\"300\" height=\"69\" src=\"https:\/\/simonyi.kre.hu\/wp-content\/uploads\/2024\/03\/logo_fekv-300x69.png\" alt=\"\" class=\"wp-image-2285\" srcset=\"https:\/\/simonyi.kre.hu\/wp-content\/uploads\/2024\/03\/logo_fekv-300x69.png 300w, https:\/\/simonyi.kre.hu\/wp-content\/uploads\/2024\/03\/logo_fekv-1024x234.png 1024w, https:\/\/simonyi.kre.hu\/wp-content\/uploads\/2024\/03\/logo_fekv-768x176.png 768w, https:\/\/simonyi.kre.hu\/wp-content\/uploads\/2024\/03\/logo_fekv-1536x352.png 1536w, https:\/\/simonyi.kre.hu\/wp-content\/uploads\/2024\/03\/logo_fekv-2048x469.png 2048w\" sizes=\"auto, (max-width: 300px) 100vw, 300px\" \/><\/figure>\n\n\n\n<figure class=\"wp-block-image size-medium\"><img loading=\"lazy\" decoding=\"async\" width=\"300\" height=\"76\" src=\"https:\/\/simonyi.kre.hu\/wp-content\/uploads\/2024\/03\/MNYT-logo3-300x76.png\" alt=\"\" class=\"wp-image-2293\" srcset=\"https:\/\/simonyi.kre.hu\/wp-content\/uploads\/2024\/03\/MNYT-logo3-300x76.png 300w, https:\/\/simonyi.kre.hu\/wp-content\/uploads\/2024\/03\/MNYT-logo3.png 476w\" sizes=\"auto, (max-width: 300px) 100vw, 300px\" \/><\/figure>\n\n\n\n<figure class=\"wp-block-image size-medium\"><img loading=\"lazy\" decoding=\"async\" width=\"300\" height=\"49\" src=\"https:\/\/simonyi.kre.hu\/wp-content\/uploads\/2024\/03\/logo_pk_egysoros-300x49.png\" alt=\"\" class=\"wp-image-2287\" srcset=\"https:\/\/simonyi.kre.hu\/wp-content\/uploads\/2024\/03\/logo_pk_egysoros-300x49.png 300w, https:\/\/simonyi.kre.hu\/wp-content\/uploads\/2024\/03\/logo_pk_egysoros-1024x166.png 1024w, https:\/\/simonyi.kre.hu\/wp-content\/uploads\/2024\/03\/logo_pk_egysoros-768x124.png 768w, https:\/\/simonyi.kre.hu\/wp-content\/uploads\/2024\/03\/logo_pk_egysoros.png 1396w\" sizes=\"auto, (max-width: 300px) 100vw, 300px\" \/><\/figure>\n","protected":false},"excerpt":{"rendered":"<p>T\u00e1mogat\u00f3ink a 2023\/24. tan\u00e9vben A 27. alkalommal megrendezett verseny megval\u00f3s\u00edt\u00e1s\u00e1t a k\u00f6vetkez\u0151 p\u00e1ly\u00e1zati forr\u00e1sok tett\u00e9k lehet\u0151v\u00e9 a Nemzeti Tehets\u00e9g Program p\u00e1ly\u00e1zati t\u00e1mogat\u00e1s\u00e1val (t\u00e1mogat\u00f3 szervezet: Kultur\u00e1lis \u00e9s Innov\u00e1ci\u00f3s Miniszt\u00e9rium, nev\u00e9ben \u00e9s k\u00e9pviselet\u00e9ben elj\u00e1r\u00f3 lebonyol\u00edt\u00f3: Nemzeti Kultur\u00e1lis T\u00e1mogat\u00e1skezel\u0151): A Magyar Nyelvtudom\u00e1nyi T\u00e1rsas\u00e1g NTP-TMV-M-23-B-0031 azonos\u00edt\u00f3sz\u00e1m\u00fa p\u00e1ly\u00e1zata a XXVII. Simonyi Zsigmond K\u00e1rp\u00e1t-medencei helyes\u00edr\u00e1si verseny lebonyol\u00edt\u00e1s\u00e1ra (vonatkoz\u00f3 t\u00e1mogat\u00e1si alprogram: A &hellip; <\/p>\n<p class=\"link-more\"><a href=\"https:\/\/simonyi.kre.hu\/?page_id=2271\" class=\"more-link\"><span class=\"screen-reader-text\">&#8222;T\u00e1mogat\u00f3ink 2023\/24&#8221;<\/span> b\u0151vebben<\/a><\/p>\n","protected":false},"author":3,"featured_media":0,"parent":0,"menu_order":0,"comment_status":"closed","ping_status":"closed","template":"","meta":{"footnotes":""},"class_list":["post-2271","page","type-page","status-publish","hentry"],"_links":{"self":[{"href":"https:\/\/simonyi.kre.hu\/index.php?rest_route=\/wp\/v2\/pages\/2271","targetHints":{"allow":["GET"]}}],"collection":[{"href":"https:\/\/simonyi.kre.hu\/index.php?rest_route=\/wp\/v2\/pages"}],"about":[{"href":"https:\/\/simonyi.kre.hu\/index.php?rest_route=\/wp\/v2\/types\/page"}],"author":[{"embeddable":true,"href":"https:\/\/simonyi.kre.hu\/index.php?rest_route=\/wp\/v2\/users\/3"}],"replies":[{"embeddable":true,"href":"https:\/\/simonyi.kre.hu\/index.php?rest_route=%2Fwp%2Fv2%2Fcomments&post=2271"}],"version-history":[{"count":14,"href":"https:\/\/simonyi.kre.hu\/index.php?rest_route=\/wp\/v2\/pages\/2271\/revisions"}],"predecessor-version":[{"id":2421,"href":"https:\/\/simonyi.kre.hu\/index.php?rest_route=\/wp\/v2\/pages\/2271\/revisions\/2421"}],"wp:attachment":[{"href":"https:\/\/simonyi.kre.hu\/index.php?rest_route=%2Fwp%2Fv2%2Fmedia&parent=2271"}],"curies":[{"name":"wp","href":"https:\/\/api.w.org\/{rel}","templated":true}]}}