{"id":2144,"date":"2023-10-17T11:54:00","date_gmt":"2023-10-17T09:54:00","guid":{"rendered":"https:\/\/simonyi.kre.hu\/?page_id=2144"},"modified":"2024-11-05T23:35:52","modified_gmt":"2024-11-05T22:35:52","slug":"regisztracio-2023-24","status":"publish","type":"page","link":"https:\/\/simonyi.kre.hu\/?page_id=2144","title":{"rendered":"Regisztr\u00e1ci\u00f3 2023\/24"},"content":{"rendered":"\n<p>\u00d6n itt tud jelentkezni int\u00e9zm\u00e9ny\u00e9nek k\u00e9pviselet\u00e9ben a 2023\/24. tan\u00e9vre meghirdetett XXVII.&nbsp;Simonyi Zsigmond K\u00e1rp\u00e1t-medencei helyes\u00edr\u00e1si versenyre.<\/p>\n\n\n\n<p><strong>A jelentkez\u00e9si fel\u00fclet 2023. november 1-j\u00e9n ny\u00edlik meg, \u00e9s 2024. janu\u00e1r 22-\u00e9n z\u00e1rul.<\/strong><\/p>\n\n\n\n<p>K\u00e9rj\u00fck, felt\u00e9tlen\u00fcl jelentkezzen be a rendszerbe. Regisztr\u00e1ci\u00f3 n\u00e9lk\u00fcl a tanul\u00f3k nem tudnak<br>r\u00e9szt venni az online versenyen. A regisztr\u00e1ci\u00f3 megkezd\u00e9se el\u0151tt felt\u00e9tlen\u00fcl olvassa el a K\u00e1roli G\u00e1sp\u00e1r Reform\u00e1tus Egyetem Simonyi-versenyre vonatkoz\u00f3 adatkezel\u00e9si t\u00e1j\u00e9koztat\u00f3j\u00e1t! <br>Ne felejtse el kit\u00f6lteni a hozz\u00e1j\u00e1rul\u00f3 nyilatkozatokat! A nyilatkozatokkal kapcsolatos r\u00e9szleteket az&nbsp;<strong>Adatv\u00e9delem<\/strong> alatt az&nbsp;<strong>Inform\u00e1ci\u00f3&nbsp;<\/strong>dokumentumban tal\u00e1lja.<\/p>\n\n\n\n<p>V\u00e1lasszon az al\u00e1bbi lehet\u0151s\u00e9gek k\u00f6z\u00fcl!<\/p>\n\n\n\n<p>\u2013 Magyarorsz\u00e1gi int\u00e9zm\u00e9ny<br>\u2013 Hat\u00e1ron t\u00fali int\u00e9zm\u00e9ny: Felvid\u00e9k<br>\u2013 Hat\u00e1ron t\u00fali int\u00e9zm\u00e9ny: K\u00e1rp\u00e1talja<br>\u2013 Hat\u00e1ron t\u00fali int\u00e9zm\u00e9ny: Vajdas\u00e1g<\/p>\n\n\n\n<p><strong>Adatv\u00e9delem<\/strong><br>Inform\u00e1ci\u00f3<br>Adatkezel\u00e9si t\u00e1j\u00e9koztat\u00f3<br>Hozz\u00e1j\u00e1rul\u00f3 nyilatkozat szem\u00e9lyes adatok kezel\u00e9s\u00e9hez tan\u00e1roknak<br>Hozz\u00e1j\u00e1rul\u00f3 nyilatkozat szem\u00e9lyes adatok kezel\u00e9s\u00e9hez tanul\u00f3knak<\/p>\n","protected":false},"excerpt":{"rendered":"<p>\u00d6n itt tud jelentkezni int\u00e9zm\u00e9ny\u00e9nek k\u00e9pviselet\u00e9ben a 2023\/24. tan\u00e9vre meghirdetett XXVII.&nbsp;Simonyi Zsigmond K\u00e1rp\u00e1t-medencei helyes\u00edr\u00e1si versenyre. A jelentkez\u00e9si fel\u00fclet 2023. november 1-j\u00e9n ny\u00edlik meg, \u00e9s 2024. janu\u00e1r 22-\u00e9n z\u00e1rul. K\u00e9rj\u00fck, felt\u00e9tlen\u00fcl jelentkezzen be a rendszerbe. Regisztr\u00e1ci\u00f3 n\u00e9lk\u00fcl a tanul\u00f3k nem tudnakr\u00e9szt venni az online versenyen. A regisztr\u00e1ci\u00f3 megkezd\u00e9se el\u0151tt felt\u00e9tlen\u00fcl olvassa el a K\u00e1roli G\u00e1sp\u00e1r Reform\u00e1tus &hellip; <\/p>\n<p class=\"link-more\"><a href=\"https:\/\/simonyi.kre.hu\/?page_id=2144\" class=\"more-link\"><span class=\"screen-reader-text\">&#8222;Regisztr\u00e1ci\u00f3 2023\/24&#8221;<\/span> b\u0151vebben<\/a><\/p>\n","protected":false},"author":3,"featured_media":0,"parent":0,"menu_order":0,"comment_status":"closed","ping_status":"closed","template":"","meta":{"footnotes":""},"class_list":["post-2144","page","type-page","status-publish","hentry"],"_links":{"self":[{"href":"https:\/\/simonyi.kre.hu\/index.php?rest_route=\/wp\/v2\/pages\/2144","targetHints":{"allow":["GET"]}}],"collection":[{"href":"https:\/\/simonyi.kre.hu\/index.php?rest_route=\/wp\/v2\/pages"}],"about":[{"href":"https:\/\/simonyi.kre.hu\/index.php?rest_route=\/wp\/v2\/types\/page"}],"author":[{"embeddable":true,"href":"https:\/\/simonyi.kre.hu\/index.php?rest_route=\/wp\/v2\/users\/3"}],"replies":[{"embeddable":true,"href":"https:\/\/simonyi.kre.hu\/index.php?rest_route=%2Fwp%2Fv2%2Fcomments&post=2144"}],"version-history":[{"count":14,"href":"https:\/\/simonyi.kre.hu\/index.php?rest_route=\/wp\/v2\/pages\/2144\/revisions"}],"predecessor-version":[{"id":2481,"href":"https:\/\/simonyi.kre.hu\/index.php?rest_route=\/wp\/v2\/pages\/2144\/revisions\/2481"}],"wp:attachment":[{"href":"https:\/\/simonyi.kre.hu\/index.php?rest_route=%2Fwp%2Fv2%2Fmedia&parent=2144"}],"curies":[{"name":"wp","href":"https:\/\/api.w.org\/{rel}","templated":true}]}}