{"id":1596,"date":"2022-09-13T10:35:37","date_gmt":"2022-09-13T08:35:37","guid":{"rendered":"https:\/\/simonyi.kre.hu\/?page_id=1596"},"modified":"2023-07-13T11:40:17","modified_gmt":"2023-07-13T09:40:17","slug":"tamogatoink-2022-23","status":"publish","type":"page","link":"https:\/\/simonyi.kre.hu\/?page_id=1596","title":{"rendered":"T\u00e1mogat\u00f3ink 2022\/23"},"content":{"rendered":"\n<p class=\"has-medium-font-size\"><strong>T\u00e1mogat\u00f3ink a 2022\/23. tan\u00e9vben<\/strong><br><br>A <strong>26. alkalommal megrendez\u00e9sre ker\u00fcl\u0151 verseny<\/strong> megval\u00f3s\u00edt\u00e1s\u00e1t a k\u00f6vetkez\u0151 p\u00e1ly\u00e1zati forr\u00e1sok tett\u00e9k lehet\u0151v\u00e9 a Nemzeti Tehets\u00e9g Program (t\u00e1mogat\u00f3 szervezet: Kultur\u00e1lis \u00e9s Innov\u00e1ci\u00f3s Miniszt\u00e9rium) p\u00e1ly\u00e1zati t\u00e1mogat\u00e1s\u00e1val (t\u00e1mogat\u00e1si id\u0151szak: 2022. j\u00falius 1. \u2013 2023. j\u00fanius 30.) a Nemzeti Tehets\u00e9g Alapb\u00f3l:<\/p>\n\n\n\n<ul class=\"wp-block-list\"><li>A Magyar Nyelvtudom\u00e1nyi T\u00e1rsas\u00e1g <strong><a rel=\"noreferrer noopener\" href=\"https:\/\/simonyi.kre.hu\/wp-content\/uploads\/2022\/09\/tabla01.png\" target=\"_blank\">NTP-TMV-M-22-B-0022<\/a><\/strong> azonos\u00edt\u00f3sz\u00e1m\u00fa p\u00e1ly\u00e1zata a <em>Simonyi Zsigmond K\u00e1rp\u00e1t-medencei helyes\u00edr\u00e1si verseny <\/em>lebonyol\u00edt\u00e1s\u00e1ra (vonatkoz\u00f3 t\u00e1mogat\u00e1si alprogram:<em> Tanulm\u00e1nyi \u00e9s m\u0171v\u00e9szeti versenyek megrendez\u00e9s\u00e9nek t\u00e1mogat\u00e1sa<\/em>, a p\u00e1ly\u00e1zati kateg\u00f3ria k\u00f3dja: NTP-TMV-22). T\u00e1mogat\u00e1si \u00f6sszeg: 3.500.000 Ft.<\/li><\/ul>\n\n\n\n<ul class=\"wp-block-list\"><li>A K\u00e1roli G\u00e1sp\u00e1r Reform\u00e1tus Egyetem <strong><a href=\"https:\/\/simonyi.kre.hu\/wp-content\/uploads\/2022\/09\/tabla02.png\" target=\"_blank\" rel=\"noreferrer noopener\">NTP-TMV-22-0066<\/a><\/strong> azonos\u00edt\u00f3sz\u00e1m\u00fa, <em>XXVI. Simonyi Zsigmond K\u00e1rp\u00e1t-medencei helyes\u00edr\u00e1si verseny c\u00edm\u0171 p\u00e1ly\u00e1zata (vonatkoz\u00f3 t\u00e1mogat\u00e1si alprogram: Tanulm\u00e1nyi \u00e9s m\u0171v\u00e9szeti versenyek megrendez\u00e9s\u00e9nek t\u00e1mogat\u00e1sa<\/em>, a p\u00e1ly\u00e1zati kateg\u00f3ria k\u00f3dja: NTP-TMV-22). T\u00e1mogat\u00e1si \u00f6sszeg: 1.000.000 Ft.<\/li><\/ul>\n\n\n\n<p> <\/p>\n\n\n\n<p class=\"has-white-color has-text-color\">.<\/p>\n\n\n\n<p class=\"has-medium-font-size\">Anyanyelv\u00e1pl\u00f3k Sz\u00f6vets\u00e9ge<br>K\u00e1roli G\u00e1sp\u00e1r Reform\u00e1tus Egyetem<br>Magyar Nyelv\u0151r Alap\u00edtv\u00e1ny<br>Magyar Olvas\u00e1st\u00e1rsas\u00e1g<br>Nemzeti \u00d6sszetartoz\u00e1s Bizotts\u00e1ga<br>Akad\u00e9miai Kiad\u00f3<br>Anyanyelv-pedag\u00f3gia<br>Bethlen G\u00e1bor Alap<br>\u00c9des Anyanyelv\u00fcnk<br>Ifj\u00fa M\u00fazs\u00e1k Alap\u00edtv\u00e1ny<br>Libri K\u00f6nyvkereskedelmi Kft.<br>Magyar\u00f3ra<br>M\u00f3ra K\u00f6nyvkiad\u00f3<br>Nagyi Konyh\u00e1ja<br>Tinta K\u00f6nyvkiad\u00f3<br>\u00dajpesti Bajza J\u00f3zsef \u00c1ltal\u00e1nos Iskola (\u00c9szak-budapesti Tanker\u00fcleti K\u00f6zpont)<\/p>\n\n\n\n<p class=\"has-medium-font-size\"><strong>K\u00f6sz\u00f6nj\u00fck t\u00e1mogat\u00e1sukat!<\/strong><\/p>\n\n\n\n<figure class=\"wp-block-image size-full is-resized\"><img loading=\"lazy\" decoding=\"async\" src=\"https:\/\/simonyi.kre.hu\/wp-content\/uploads\/2022\/09\/KIM_logo_color.jpg\" alt=\"\" class=\"wp-image-1594\" width=\"375\" height=\"110\" srcset=\"https:\/\/simonyi.kre.hu\/wp-content\/uploads\/2022\/09\/KIM_logo_color.jpg 500w, https:\/\/simonyi.kre.hu\/wp-content\/uploads\/2022\/09\/KIM_logo_color-300x88.jpg 300w\" sizes=\"auto, (max-width: 375px) 100vw, 375px\" \/><\/figure>\n\n\n\n<figure class=\"wp-block-image size-full is-resized\"><img loading=\"lazy\" decoding=\"async\" src=\"https:\/\/simonyi.kre.hu\/wp-content\/uploads\/2020\/10\/ntp-logo2-1.png\" alt=\"\" class=\"wp-image-568\" width=\"326\" height=\"79\" srcset=\"https:\/\/simonyi.kre.hu\/wp-content\/uploads\/2020\/10\/ntp-logo2-1.png 326w, https:\/\/simonyi.kre.hu\/wp-content\/uploads\/2020\/10\/ntp-logo2-1-300x73.png 300w\" sizes=\"auto, (max-width: 326px) 100vw, 326px\" \/><\/figure>\n\n\n\n<figure class=\"wp-block-image size-full\"><img loading=\"lazy\" decoding=\"async\" width=\"218\" height=\"116\" src=\"https:\/\/simonyi.kre.hu\/wp-content\/uploads\/2022\/09\/kre_logo.png\" alt=\"\" class=\"wp-image-1646\"\/><\/figure>\n\n\n\n<figure class=\"wp-block-image size-full\"><img loading=\"lazy\" decoding=\"async\" width=\"285\" height=\"77\" src=\"https:\/\/simonyi.kre.hu\/wp-content\/uploads\/2022\/09\/mnyt_logo.png\" alt=\"\" class=\"wp-image-1647\"\/><\/figure>\n\n\n\n<figure class=\"wp-block-image size-full\"><img loading=\"lazy\" decoding=\"async\" width=\"364\" height=\"84\" src=\"https:\/\/simonyi.kre.hu\/wp-content\/uploads\/2022\/09\/kreped_logo.png\" alt=\"\" class=\"wp-image-1648\" srcset=\"https:\/\/simonyi.kre.hu\/wp-content\/uploads\/2022\/09\/kreped_logo.png 364w, https:\/\/simonyi.kre.hu\/wp-content\/uploads\/2022\/09\/kreped_logo-300x69.png 300w\" sizes=\"auto, (max-width: 364px) 100vw, 364px\" \/><\/figure>\n","protected":false},"excerpt":{"rendered":"<p>T\u00e1mogat\u00f3ink a 2022\/23. tan\u00e9vben A 26. alkalommal megrendez\u00e9sre ker\u00fcl\u0151 verseny megval\u00f3s\u00edt\u00e1s\u00e1t a k\u00f6vetkez\u0151 p\u00e1ly\u00e1zati forr\u00e1sok tett\u00e9k lehet\u0151v\u00e9 a Nemzeti Tehets\u00e9g Program (t\u00e1mogat\u00f3 szervezet: Kultur\u00e1lis \u00e9s Innov\u00e1ci\u00f3s Miniszt\u00e9rium) p\u00e1ly\u00e1zati t\u00e1mogat\u00e1s\u00e1val (t\u00e1mogat\u00e1si id\u0151szak: 2022. j\u00falius 1. \u2013 2023. j\u00fanius 30.) a Nemzeti Tehets\u00e9g Alapb\u00f3l: A Magyar Nyelvtudom\u00e1nyi T\u00e1rsas\u00e1g NTP-TMV-M-22-B-0022 azonos\u00edt\u00f3sz\u00e1m\u00fa p\u00e1ly\u00e1zata a Simonyi Zsigmond K\u00e1rp\u00e1t-medencei helyes\u00edr\u00e1si verseny &hellip; <\/p>\n<p class=\"link-more\"><a href=\"https:\/\/simonyi.kre.hu\/?page_id=1596\" class=\"more-link\"><span class=\"screen-reader-text\">&#8222;T\u00e1mogat\u00f3ink 2022\/23&#8221;<\/span> b\u0151vebben<\/a><\/p>\n","protected":false},"author":3,"featured_media":0,"parent":0,"menu_order":0,"comment_status":"closed","ping_status":"closed","template":"","meta":{"footnotes":""},"class_list":["post-1596","page","type-page","status-publish","hentry"],"_links":{"self":[{"href":"https:\/\/simonyi.kre.hu\/index.php?rest_route=\/wp\/v2\/pages\/1596","targetHints":{"allow":["GET"]}}],"collection":[{"href":"https:\/\/simonyi.kre.hu\/index.php?rest_route=\/wp\/v2\/pages"}],"about":[{"href":"https:\/\/simonyi.kre.hu\/index.php?rest_route=\/wp\/v2\/types\/page"}],"author":[{"embeddable":true,"href":"https:\/\/simonyi.kre.hu\/index.php?rest_route=\/wp\/v2\/users\/3"}],"replies":[{"embeddable":true,"href":"https:\/\/simonyi.kre.hu\/index.php?rest_route=%2Fwp%2Fv2%2Fcomments&post=1596"}],"version-history":[{"count":16,"href":"https:\/\/simonyi.kre.hu\/index.php?rest_route=\/wp\/v2\/pages\/1596\/revisions"}],"predecessor-version":[{"id":2031,"href":"https:\/\/simonyi.kre.hu\/index.php?rest_route=\/wp\/v2\/pages\/1596\/revisions\/2031"}],"wp:attachment":[{"href":"https:\/\/simonyi.kre.hu\/index.php?rest_route=%2Fwp%2Fv2%2Fmedia&parent=1596"}],"curies":[{"name":"wp","href":"https:\/\/api.w.org\/{rel}","templated":true}]}}