{"id":1087,"date":"2021-10-27T15:09:55","date_gmt":"2021-10-27T13:09:55","guid":{"rendered":"https:\/\/simonyi.kre.hu\/?page_id=1087"},"modified":"2022-09-14T13:50:02","modified_gmt":"2022-09-14T11:50:02","slug":"tamogatoink-2021-2022","status":"publish","type":"page","link":"https:\/\/simonyi.kre.hu\/?page_id=1087","title":{"rendered":"T\u00e1mogat\u00f3ink 2021\/22"},"content":{"rendered":"\n<p class=\"has-medium-font-size\"><strong>T\u00e1mogat\u00f3ink a 2021\/22-es tan\u00e9vben<\/strong><\/p>\n\n\n\n<p class=\"has-medium-font-size\">Nemzeti Tehets\u00e9g Program<br>Minisztereln\u00f6ks\u00e9g<br>Emberi Er\u0151forr\u00e1s T\u00e1mogat\u00e1skezel\u0151<br>az NTP-TMV-M-21-B-0031 azonos\u00edt\u00f3sz\u00e1m\u00fa p\u00e1ly\u00e1zat keret\u00e9ben<\/p>\n\n\n\n<p class=\"has-normal-font-size\">Az&nbsp;<a rel=\"noreferrer noopener\" href=\"https:\/\/simonyi.kre.hu\/wp-content\/uploads\/2022\/07\/tabla02a-2.jpg\" target=\"_blank\">NTP-TMV-M-21-B-0031<\/a>&nbsp;azonos\u00edt\u00f3sz\u00e1m\u00fa p\u00e1ly\u00e1zat a Nemzeti Tehets\u00e9g Program <br>\u201eA hazai nagy hagyom\u00e1ny\u00fa orsz\u00e1gos szervez\u00e9s\u0171 tanulm\u00e1nyi \u00e9s sport versenyek t\u00e1mogat\u00e1sa\u201d alprogram keret\u00e9ben 2021. 07. 01. \u00e9s 2022. 06. 30. k\u00f6z\u00f6tt a Minisztereln\u00f6ks\u00e9g t\u00e1mogat\u00e1s\u00e1val, az Emberi Er\u0151forr\u00e1s T\u00e1mogat\u00e1skezel\u0151 k\u00f6zrem\u0171k\u00f6d\u00e9s\u00e9vel val\u00f3sult meg.<br><\/p>\n\n\n\n<p class=\"has-medium-font-size\">Nemzeti Tehets\u00e9g Program<br>Minisztereln\u00f6ks\u00e9g<br>Emberi Er\u0151forr\u00e1s T\u00e1mogat\u00e1skezel\u0151<br>az NTP-TMV-21-0091 azonos\u00edt\u00f3sz\u00e1m\u00fa p\u00e1ly\u00e1zat keret\u00e9ben<\/p>\n\n\n\n<p class=\"has-normal-font-size\">Az&nbsp;<a rel=\"noreferrer noopener\" href=\"https:\/\/simonyi.kre.hu\/wp-content\/uploads\/2022\/07\/tabla01-2.jpg\" target=\"_blank\">NTP-TMV-21-0091<\/a> &nbsp;azonos\u00edt\u00f3sz\u00e1m\u00fa p\u00e1ly\u00e1zat a Nemzeti Tehets\u00e9g Program \u201eTanulm\u00e1nyi \u00e9s m\u0171v\u00e9szeti versenyek megrendez\u00e9s\u00e9nek t\u00e1mogat\u00e1sa\u201d alprogram keret\u00e9ben <br>2021. 07. 01. \u00e9s 2022. 06. 30. k\u00f6z\u00f6tt a Minisztereln\u00f6ks\u00e9g t\u00e1mogat\u00e1s\u00e1val, az Emberi Er\u0151forr\u00e1s T\u00e1mogat\u00e1skezel\u0151 k\u00f6zrem\u0171k\u00f6d\u00e9s\u00e9vel val\u00f3sult meg.<br><\/p>\n\n\n\n<p class=\"has-medium-font-size\">ELTE M\u00e1rton \u00c1ron Szakkoll\u00e9gium<br>ELTE B\u00f6lcs\u00e9szettudom\u00e1nyi Kar<br>Anyanyelv\u00e1pol\u00f3k Sz\u00f6vets\u00e9ge<br>K\u00e1roli G\u00e1sp\u00e1r Reform\u00e1tus Egyetem<\/p>\n\n\n\n<p class=\"has-medium-font-size\">Akad\u00e9miai Kiad\u00f3<br>Bethlen G\u00e1bor Alap<br>Anyanyelv-pedag\u00f3gia<br>\u00c9des Anyanyelv\u00fcnk<br>Magyar Nyelv\u0151r Alap\u00edtv\u00e1ny<br>M\u00f3ra K\u00f6nyvkiad\u00f3<br>Mozaik Kiad\u00f3<br>Reform\u00e1tus Pedag\u00f3giai Int\u00e9zet<br>Tinta K\u00f6nyvkiad\u00f3<br>\u00dajpesti Bajza J\u00f3zsef \u00c1ltal\u00e1nos Iskola (\u00c9szak-budapesti Tanker\u00fcleti K\u00f6zpont)<\/p>\n\n\n\n<p class=\"has-medium-font-size\"><strong>K\u00f6sz\u00f6nj\u00fck t\u00e1mogat\u00e1sukat!<\/strong><\/p>\n\n\n\n<figure class=\"wp-block-image size-full\"><img loading=\"lazy\" decoding=\"async\" width=\"649\" height=\"917\" src=\"https:\/\/simonyi.kre.hu\/wp-content\/uploads\/2022\/07\/logok-649x1024-1.png\" alt=\"\" class=\"wp-image-1570\" srcset=\"https:\/\/simonyi.kre.hu\/wp-content\/uploads\/2022\/07\/logok-649x1024-1.png 649w, https:\/\/simonyi.kre.hu\/wp-content\/uploads\/2022\/07\/logok-649x1024-1-212x300.png 212w\" sizes=\"auto, (max-width: 649px) 100vw, 649px\" \/><\/figure>\n","protected":false},"excerpt":{"rendered":"<p>T\u00e1mogat\u00f3ink a 2021\/22-es tan\u00e9vben Nemzeti Tehets\u00e9g ProgramMinisztereln\u00f6ks\u00e9gEmberi Er\u0151forr\u00e1s T\u00e1mogat\u00e1skezel\u0151az NTP-TMV-M-21-B-0031 azonos\u00edt\u00f3sz\u00e1m\u00fa p\u00e1ly\u00e1zat keret\u00e9ben Az&nbsp;NTP-TMV-M-21-B-0031&nbsp;azonos\u00edt\u00f3sz\u00e1m\u00fa p\u00e1ly\u00e1zat a Nemzeti Tehets\u00e9g Program \u201eA hazai nagy hagyom\u00e1ny\u00fa orsz\u00e1gos szervez\u00e9s\u0171 tanulm\u00e1nyi \u00e9s sport versenyek t\u00e1mogat\u00e1sa\u201d alprogram keret\u00e9ben 2021. 07. 01. \u00e9s 2022. 06. 30. k\u00f6z\u00f6tt a Minisztereln\u00f6ks\u00e9g t\u00e1mogat\u00e1s\u00e1val, az Emberi Er\u0151forr\u00e1s T\u00e1mogat\u00e1skezel\u0151 k\u00f6zrem\u0171k\u00f6d\u00e9s\u00e9vel val\u00f3sult meg. Nemzeti Tehets\u00e9g ProgramMinisztereln\u00f6ks\u00e9gEmberi Er\u0151forr\u00e1s T\u00e1mogat\u00e1skezel\u0151az &hellip; <\/p>\n<p class=\"link-more\"><a href=\"https:\/\/simonyi.kre.hu\/?page_id=1087\" class=\"more-link\"><span class=\"screen-reader-text\">&#8222;T\u00e1mogat\u00f3ink 2021\/22&#8221;<\/span> b\u0151vebben<\/a><\/p>\n","protected":false},"author":3,"featured_media":0,"parent":0,"menu_order":0,"comment_status":"closed","ping_status":"closed","template":"","meta":{"footnotes":""},"class_list":["post-1087","page","type-page","status-publish","hentry"],"_links":{"self":[{"href":"https:\/\/simonyi.kre.hu\/index.php?rest_route=\/wp\/v2\/pages\/1087","targetHints":{"allow":["GET"]}}],"collection":[{"href":"https:\/\/simonyi.kre.hu\/index.php?rest_route=\/wp\/v2\/pages"}],"about":[{"href":"https:\/\/simonyi.kre.hu\/index.php?rest_route=\/wp\/v2\/types\/page"}],"author":[{"embeddable":true,"href":"https:\/\/simonyi.kre.hu\/index.php?rest_route=\/wp\/v2\/users\/3"}],"replies":[{"embeddable":true,"href":"https:\/\/simonyi.kre.hu\/index.php?rest_route=%2Fwp%2Fv2%2Fcomments&post=1087"}],"version-history":[{"count":21,"href":"https:\/\/simonyi.kre.hu\/index.php?rest_route=\/wp\/v2\/pages\/1087\/revisions"}],"predecessor-version":[{"id":1670,"href":"https:\/\/simonyi.kre.hu\/index.php?rest_route=\/wp\/v2\/pages\/1087\/revisions\/1670"}],"wp:attachment":[{"href":"https:\/\/simonyi.kre.hu\/index.php?rest_route=%2Fwp%2Fv2%2Fmedia&parent=1087"}],"curies":[{"name":"wp","href":"https:\/\/api.w.org\/{rel}","templated":true}]}}