{"id":1075,"date":"2021-10-21T13:33:46","date_gmt":"2021-10-21T11:33:46","guid":{"rendered":"https:\/\/simonyi.kre.hu\/?page_id=1075"},"modified":"2023-11-01T00:08:41","modified_gmt":"2023-10-31T23:08:41","slug":"diaszpora","status":"publish","type":"page","link":"https:\/\/simonyi.kre.hu\/?page_id=1075","title":{"rendered":"Diaszp\u00f3ra"},"content":{"rendered":"\n<p class=\"has-medium-font-size\"><strong>Nyelvi verseny magyar sz\u00e1rmaz\u00e1s\u00fa k\u00fclf\u00f6ldi gyermekeknek<\/strong><\/p>\n\n\n\n<p><span style=\"color:#043098\" class=\"has-inline-color\">Ha \u00d6n a <strong>helyes\u00edr\u00e1si <\/strong>versenyre jelentkezik Erd\u00e9lyb\u0151l, Felvid\u00e9kr\u0151l, K\u00e1rp\u00e1talj\u00e1r\u00f3l vagy a Vajdas\u00e1gb\u00f3l, ne itt, hanem a <strong>Regisztr\u00e1ci\u00f3 <\/strong>men\u00fcpontban regisztr\u00e1ljon!<\/span><\/p>\n\n\n\n<p><a href=\"https:\/\/simonyi.kre.hu\/wp-content\/uploads\/2022\/01\/Simonyi-felhivas-1.pdf\" data-type=\"URL\" target=\"_blank\" rel=\"noreferrer noopener\">Versenyfelh\u00edv\u00e1s<\/a><\/p>\n\n\n\n<p>Jelentkez\u00e9s<\/p>\n\n\n\n<p><span class=\"has-inline-color has-vivid-red-color\">Jelentkez\u00e9si hat\u00e1rid\u0151: 2022. febru\u00e1r 26.<\/span><\/p>\n\n\n\n<p>Jelentkez\u00e9s n\u00e9lk\u00fcl a tanul\u00f3k nem tudnak r\u00e9szt venni az online versenyen. <br>Ne felejtse el kit\u00f6lteni \u00e9s visszak\u00fcldeni a hozz\u00e1j\u00e1rul\u00f3 nyilatkozatokat!<\/p>\n\n\n\n<p><strong>Adatv\u00e9delem<\/strong><br><a rel=\"noreferrer noopener\" href=\"https:\/\/simonyi.kre.hu\/wp-content\/uploads\/2022\/01\/Informacio-diaszpora-1.pdf\" target=\"_blank\">Inform\u00e1ci\u00f3<\/a><br>Hozz\u00e1j\u00e1rul\u00f3 nyilatkozat szem\u00e9lyes adatok kezel\u00e9s\u00e9hez tan\u00e1roknak<br>Hozz\u00e1j\u00e1rul\u00f3 nyilatkozat szem\u00e9lyes adatok kezel\u00e9s\u00e9hez tanul\u00f3knak<\/p>\n","protected":false},"excerpt":{"rendered":"<p>Nyelvi verseny magyar sz\u00e1rmaz\u00e1s\u00fa k\u00fclf\u00f6ldi gyermekeknek Ha \u00d6n a helyes\u00edr\u00e1si versenyre jelentkezik Erd\u00e9lyb\u0151l, Felvid\u00e9kr\u0151l, K\u00e1rp\u00e1talj\u00e1r\u00f3l vagy a Vajdas\u00e1gb\u00f3l, ne itt, hanem a Regisztr\u00e1ci\u00f3 men\u00fcpontban regisztr\u00e1ljon! Versenyfelh\u00edv\u00e1s Jelentkez\u00e9s Jelentkez\u00e9si hat\u00e1rid\u0151: 2022. febru\u00e1r 26. Jelentkez\u00e9s n\u00e9lk\u00fcl a tanul\u00f3k nem tudnak r\u00e9szt venni az online versenyen. Ne felejtse el kit\u00f6lteni \u00e9s visszak\u00fcldeni a hozz\u00e1j\u00e1rul\u00f3 nyilatkozatokat! Adatv\u00e9delemInform\u00e1ci\u00f3Hozz\u00e1j\u00e1rul\u00f3 nyilatkozat szem\u00e9lyes &hellip; <\/p>\n<p class=\"link-more\"><a href=\"https:\/\/simonyi.kre.hu\/?page_id=1075\" class=\"more-link\"><span class=\"screen-reader-text\">&#8222;Diaszp\u00f3ra&#8221;<\/span> b\u0151vebben<\/a><\/p>\n","protected":false},"author":3,"featured_media":0,"parent":0,"menu_order":0,"comment_status":"closed","ping_status":"closed","template":"","meta":{"footnotes":""},"class_list":["post-1075","page","type-page","status-publish","hentry"],"_links":{"self":[{"href":"https:\/\/simonyi.kre.hu\/index.php?rest_route=\/wp\/v2\/pages\/1075","targetHints":{"allow":["GET"]}}],"collection":[{"href":"https:\/\/simonyi.kre.hu\/index.php?rest_route=\/wp\/v2\/pages"}],"about":[{"href":"https:\/\/simonyi.kre.hu\/index.php?rest_route=\/wp\/v2\/types\/page"}],"author":[{"embeddable":true,"href":"https:\/\/simonyi.kre.hu\/index.php?rest_route=\/wp\/v2\/users\/3"}],"replies":[{"embeddable":true,"href":"https:\/\/simonyi.kre.hu\/index.php?rest_route=%2Fwp%2Fv2%2Fcomments&post=1075"}],"version-history":[{"count":23,"href":"https:\/\/simonyi.kre.hu\/index.php?rest_route=\/wp\/v2\/pages\/1075\/revisions"}],"predecessor-version":[{"id":2253,"href":"https:\/\/simonyi.kre.hu\/index.php?rest_route=\/wp\/v2\/pages\/1075\/revisions\/2253"}],"wp:attachment":[{"href":"https:\/\/simonyi.kre.hu\/index.php?rest_route=%2Fwp%2Fv2%2Fmedia&parent=1075"}],"curies":[{"name":"wp","href":"https:\/\/api.w.org\/{rel}","templated":true}]}}